{"id":670,"date":"2025-08-16T13:34:44","date_gmt":"2025-08-16T11:34:44","guid":{"rendered":"https:\/\/afaj-fvjg.ch\/?page_id=670"},"modified":"2025-08-19T23:31:56","modified_gmt":"2025-08-19T21:31:56","slug":"notre-histoire","status":"publish","type":"page","link":"https:\/\/afaj-fvjg.ch\/fr\/notre-histoire\/","title":{"rendered":"Notre histoire"},"content":{"rendered":"\n<figure class=\"wp-block-table\"><table class=\"has-fixed-layout\"><tbody><tr><td>L\u2019histoire de notre Association \u00e0 d\u00e9buter depuis un peu moins de 75ans. Dans le cadre du jubil\u00e9 en pr\u00e9paration pour 2027, nous allons retracer, ici, notre histoire\u2026<\/td><\/tr><\/tbody><\/table><\/figure>\n","protected":false},"excerpt":{"rendered":"<p>L\u2019histoire de notre Association \u00e0 d\u00e9buter depuis un peu moins de 75ans. Dans le cadre du jubil\u00e9 en pr\u00e9paration pour 2027, nous allons retracer, ici, notre histoire\u2026<\/p>\n","protected":false},"author":1,"featured_media":0,"parent":0,"menu_order":0,"comment_status":"closed","ping_status":"closed","template":"","meta":{"_EventAllDay":false,"_EventTimezone":"","_EventStartDate":"","_EventEndDate":"","_EventStartDateUTC":"","_EventEndDateUTC":"","_EventShowMap":false,"_EventShowMapLink":false,"_EventURL":"","_EventCost":"","_EventCostDescription":"","_EventCurrencySymbol":"","_EventCurrencyCode":"","_EventCurrencyPosition":"","_EventDateTimeSeparator":"","_EventTimeRangeSeparator":"","_EventOrganizerID":[],"_EventVenueID":[],"_OrganizerEmail":"","_OrganizerPhone":"","_OrganizerWebsite":"","_VenueAddress":"","_VenueCity":"","_VenueCountry":"","_VenueProvince":"","_VenueState":"","_VenueZip":"","_VenuePhone":"","_VenueURL":"","_VenueStateProvince":"","_VenueLat":"","_VenueLng":"","_VenueShowMap":false,"_VenueShowMapLink":false,"footnotes":""},"class_list":["post-670","page","type-page","status-publish","hentry"],"_links":{"self":[{"href":"https:\/\/afaj-fvjg.ch\/fr\/wp-json\/wp\/v2\/pages\/670","targetHints":{"allow":["GET"]}}],"collection":[{"href":"https:\/\/afaj-fvjg.ch\/fr\/wp-json\/wp\/v2\/pages"}],"about":[{"href":"https:\/\/afaj-fvjg.ch\/fr\/wp-json\/wp\/v2\/types\/page"}],"author":[{"embeddable":true,"href":"https:\/\/afaj-fvjg.ch\/fr\/wp-json\/wp\/v2\/users\/1"}],"replies":[{"embeddable":true,"href":"https:\/\/afaj-fvjg.ch\/fr\/wp-json\/wp\/v2\/comments?post=670"}],"version-history":[{"count":4,"href":"https:\/\/afaj-fvjg.ch\/fr\/wp-json\/wp\/v2\/pages\/670\/revisions"}],"predecessor-version":[{"id":782,"href":"https:\/\/afaj-fvjg.ch\/fr\/wp-json\/wp\/v2\/pages\/670\/revisions\/782"}],"wp:attachment":[{"href":"https:\/\/afaj-fvjg.ch\/fr\/wp-json\/wp\/v2\/media?parent=670"}],"curies":[{"name":"wp","href":"https:\/\/api.w.org\/{rel}","templated":true}]}}